{"id":198,"date":"2017-08-01T09:00:06","date_gmt":"2017-08-01T09:00:06","guid":{"rendered":"http:\/\/rushmore.wpcolorlab.com\/?page_id=198"},"modified":"2021-08-09T00:35:54","modified_gmt":"2021-08-09T00:35:54","slug":"our-team","status":"publish","type":"page","link":"https:\/\/oncovix.mpois.com\/?page_id=198","title":{"rendered":"Profesionales"},"content":{"rendered":"<p><section data-kc-fullwidth=\"row\" class=\"kc-elm kc-css-495778 kc_row\"><div class=\"kc-row-container  kc-container\"><div class=\"kc-wrap-columns\"><div class=\"kc-elm kc-css-869117 kc_col-sm-12 kc_column kc_col-sm-12\"><div class=\"kc-col-container\"><div class=\"kc-elm kc-css-411025 kc_text_block\"><\/p>\n<p>El equipo de profesionales vinculados, directa e indirectamente, incluye:<\/p>\n<ol>\n<li style=\"list-style-type: none;\">\n<ol>\n<li>Cl\u00ednicos: m\u00e9dicos, pat\u00f3logos, onc\u00f3logo molecular, radio-onc\u00f3logo referente, enfermer\u00eda, kinesiolog\u00eda.<\/li>\n<li>Cient\u00edficos: tecnolog\u00eda m\u00e9dica, bioqu\u00edmica.<\/li>\n<li>Gestion: Ingenieros comerciales, ingenieros inform\u00e1ticos.<\/li>\n<li>Contralor\u00eda: abogados especialistas en \u00e1mbito m\u00e9dico legal.<\/li>\n<\/ol>\n<\/li>\n<\/ol>\n<p>\n<\/div><\/div><\/div><\/div><\/div><\/section><section class=\"kc-elm kc-css-542761 kc_row\"><div class=\"kc-row-container  kc-container\"><div class=\"kc-wrap-columns\"><div class=\"kc-elm kc-css-345681 kc_col-sm-4 kc_column kc_col-sm-4\"><div class=\"kc-col-container\"><article class=\"sabbi-thumlinepost-card solitude-bg__x profile-card kc-elm kc-css-98881\"><figure class=\"sabbi-thumlinepost-card-figure\">\n                    <img loading=\"lazy\" decoding=\"async\" width=\"360\" height=\"270\" src=\"https:\/\/oncovix.mpois.com\/wp-content\/uploads\/2017\/07\/IMG_3322-copia-360x270.jpg\" class=\"img-thumpost img-responsive\" alt=\"\" \/><figcaption><div class=\"fig-meta\"><\/div>\n                    <\/figcaption><\/figure><div class=\"card_st_fix\"><\/div><\/article><\/div><\/div><div class=\"kc-elm kc-css-312075 kc_col-sm-8 kc_column kc_col-sm-8\"><div class=\"kc-col-container\"><article class=\"profile-glimps\"><h2 class=\"entry-title title-foc-md\">Dr. Ramon Gutierrez<\/h2>\n        <p class=\"text-foc-md\">CEO<br>\r\nOnco-Pat\u00f3logo<br><\/p>\n        <p class=\"text-foc-md\">i.\tMSL by UC Berkeley, USA<br>\r\nii.\tMedical Science Advisor de ONCOCIT USA, Lake Nona Medical City, Orlando, Fl.<br>\r\niii.\tM\u00e1ster en Oncolog\u00eda Cl\u00ednica, U. Pa\u00eds Vasco, Espa\u00f1a<br>\r\niv.\tM\u00e1ster en Oncolog\u00eda Molecular Centro de Estudios Biosanitarios SW(CEB) y Universidad Rey Juan Carlos, programa en colaboraci\u00f3n con el Beth Israel de Harvard, recomendaci\u00f3n de la European School of Oncology (ESO) y avalado por Sociedad Espa\u00f1ola de Oncolog\u00eda M\u00e9dica (SEOM). <br>\r\nv.\tEuroinnova degree, Bioethic Specialist<br>\r\nvi.\tRegenerative Medicine Master; Valencia University<br>\r\nvii.\tPresidente de SOCHOM: Sociedad Chilena de Oncolog\u00eda Molecular<br>\r\nviii.\tPresidente de SOCHIDEX: Sociedad Chilena de Inmunoterapia CD&amp;EX<br>\r\nix.\tM\u00e9dico Cirujano Universidad de Concepci\u00f3n, Supersalud 15891<br>\r\nx.\tEspecialista Anatomo Patol\u00f3go Conacem 9628, Beca Minsal-U. de Chile<br>\r\n<\/p><div class=\"stage-content-biog\">\n            Trayectoria relevante:\n<ol>\n \t<li style=\"list-style-type: none;\">\n<ol>\n \t<li>M\u00e9dico Onco-Pat\u00f3logo, Director de BIOCLAS, 2001 a la fecha<\/li>\n \t<li>Adjudicaci\u00f3n Fondos de Investigaci\u00f3n: Corfo- Gobierno de Chile L1 e IncubaUDEC (U. de Concepci\u00f3n).<\/li>\n \t<li>Profesor de Patolog\u00eda U. Cat\u00f3lica Sant\u00edsima Concepci\u00f3n 1999-2002<\/li>\n \t<li>Profesor Patolog\u00eda y Fisiopatolog\u00eda, U. San Sebasti\u00e1n 2000 a 2015<\/li>\n \t<li>Profesor Titular Patolog\u00eda y Fisiopatolog\u00eda, UPV 2012-2014<\/li>\n \t<li>Profesor Patolog\u00eda y Fisiopatolog\u00eda, UDLA 2012-2014<\/li>\n \t<li>Miembro de: ASCO: American Society For Clinical Oncology<\/li>\n \t<li>Miembro de SITC: Society for Immunotherapy of Cancer.<\/li>\n \t<li>Referente Internacional en Inmunoterapia adoptiva personalizada. Constantes apariciones y entrevistas en canales de televisi\u00f3n, prensa escrita, medios digitales y radios.<\/li>\n<\/ol>\n<\/li>\n<\/ol>\n        <\/div><\/article><\/div><\/div><\/div><\/div><\/section><section class=\"kc-elm kc-css-958951 kc_row\"><div class=\"kc-row-container  kc-container\"><div class=\"kc-wrap-columns\"><div class=\"kc-elm kc-css-605665 kc_col-sm-4 kc_column kc_col-sm-4\"><div class=\"kc-col-container\"><article class=\"sabbi-thumlinepost-card solitude-bg__x profile-card kc-elm kc-css-162871\"><figure class=\"sabbi-thumlinepost-card-figure\">\n                    <img loading=\"lazy\" decoding=\"async\" width=\"360\" height=\"270\" src=\"https:\/\/oncovix.mpois.com\/wp-content\/uploads\/2017\/07\/DR-360x270.png\" class=\"img-thumpost img-responsive\" alt=\"\" \/><figcaption><div class=\"fig-meta\"><\/div>\n                    <\/figcaption><\/figure><div class=\"card_st_fix\"><\/div><\/article><\/div><\/div><div class=\"kc-elm kc-css-692960 kc_col-sm-8 kc_column kc_col-sm-8\"><div class=\"kc-col-container\"><article class=\"profile-glimps\"><h2 class=\"entry-title title-foc-md\">Dr. Leonardo Badinez Villegas<\/h2>\n        <p class=\"text-foc-md\"><\/p>\n        <p class=\"text-foc-md\"><\/p><div class=\"stage-content-biog\">\n            <ul>\n \t<li>Director de INRAD; Instituto Radio Oncol\u00f3gico Santiago, 2003 a la fecha.<\/li>\n \t<li>M\u00e9dico Cirujano Onc\u00f3logo de Universidad de Chile, Supersalud 58294<\/li>\n<\/ul>\n<ul>\n \t<li>Especializaci\u00f3n en radioterapia y oncolog\u00eda Universidad de Par\u00eds Descartes.<\/li>\n<\/ul>\n<ul>\n \t<li>Trayectoria m\u00e1s relevante: M\u00e9dico Jefe, en su especialidad, en los principales Centros Oncol\u00f3gicos de Santiago de Chile.<\/li>\n \t<li>M\u00e9dico Jefe de Radioterapia, FALP 2008-2018<\/li>\n \t<li>Profesor de Radioterapia FALP 1982-2017<\/li>\n<\/ul>\n<ul>\n \t<li>Profesor de Radioterapia, Universidad del Desarrollo, 2005-2017<\/li>\n \t<li>Profesor de Radioterapia, Universidad de Chile, 1982-2017<\/li>\n<\/ul>\n<ul>\n \t<li>Onc\u00f3logo radioterapeuta, Hospital Militar de Santiago, 1982-2009<\/li>\n<\/ul>\n        <\/div><\/article><\/div><\/div><\/div><\/div><\/section><section class=\"kc-elm kc-css-992201 kc_row\"><div class=\"kc-row-container  kc-container\"><div class=\"kc-wrap-columns\"><div class=\"kc-elm kc-css-983415 kc_col-sm-4 kc_column kc_col-sm-4\"><div class=\"kc-col-container\"><article class=\"sabbi-thumlinepost-card solitude-bg__x profile-card kc-elm kc-css-253991\"><figure class=\"sabbi-thumlinepost-card-figure\">\n                    <img loading=\"lazy\" decoding=\"async\" width=\"360\" height=\"270\" src=\"https:\/\/oncovix.mpois.com\/wp-content\/uploads\/2017\/08\/WhatsApp-Image-2020-04-28-at-16.14.33-360x270.jpeg\" class=\"img-thumpost img-responsive\" alt=\"\" srcset=\"https:\/\/oncovix.mpois.com\/wp-content\/uploads\/2017\/08\/WhatsApp-Image-2020-04-28-at-16.14.33-360x270.jpeg 360w, https:\/\/oncovix.mpois.com\/wp-content\/uploads\/2017\/08\/WhatsApp-Image-2020-04-28-at-16.14.33-300x225.jpeg 300w, https:\/\/oncovix.mpois.com\/wp-content\/uploads\/2017\/08\/WhatsApp-Image-2020-04-28-at-16.14.33-1024x768.jpeg 1024w, https:\/\/oncovix.mpois.com\/wp-content\/uploads\/2017\/08\/WhatsApp-Image-2020-04-28-at-16.14.33-768x576.jpeg 768w, https:\/\/oncovix.mpois.com\/wp-content\/uploads\/2017\/08\/WhatsApp-Image-2020-04-28-at-16.14.33.jpeg 1280w\" sizes=\"(max-width: 360px) 100vw, 360px\" \/><figcaption><div class=\"fig-meta\"><\/div>\n                    <\/figcaption><\/figure><div class=\"card_st_fix\"><\/div><\/article><\/div><\/div><div class=\"kc-elm kc-css-13230 kc_col-sm-8 kc_column kc_col-sm-8\"><div class=\"kc-col-container\"><article class=\"profile-glimps\"><h2 class=\"entry-title title-foc-md\">Dr Ider Rivadeneira<\/h2>\n        <p class=\"text-foc-md\"><\/p>\n        <p class=\"text-foc-md\"><\/p><div class=\"stage-content-biog\">\n            <!-- wp:paragraph -->\r\n<p>Diplomado en Oncolog\u00eda. Pontificia Universidad Cat\u00f3lica de Chile.<br \/><br \/>Dr Director Cl\u00ednico de Recell<\/p>\r\n<!-- \/wp:paragraph -->\r\n\r\n<!-- wp:paragraph -->\r\n<p>Director de SOCHOM: Sociedad Chilena de Oncolog\u00eda Molecular<\/p>\r\n<!-- \/wp:paragraph -->\r\n\r\n<!-- wp:paragraph -->\r\n<p>Director de SOCHIDEX: Sociedad Chilena de Inmunoterapia CD&amp;EX<\/p>\r\n<!-- \/wp:paragraph -->\r\n\r\n<!-- wp:paragraph -->\r\n<p>\u00a0Diplomado Actualizaci\u00f3n de Medicina de Urgencia. Pontificia Universidad Cat\u00f3lica de Chile.<\/p>\r\n<!-- \/wp:paragraph -->\r\n\r\n<!-- wp:paragraph -->\r\n<p>M\u00e1ster en Endotelio, Aterotrombosis y Medicina Vascular. Instituto Universitario del Hospital Italiano de Buenos Aires-Argentina.<\/p>\r\n<!-- \/wp:paragraph -->\r\n\r\n<!-- wp:paragraph -->\r\n<p>M\u00e1ster en Gesti\u00f3n de Servicios de Salud. Universidad Cat\u00f3lica de Santiago de Guayaquil-Ecuador<\/p>\r\n<!-- \/wp:paragraph -->\r\n\r\n<!-- wp:paragraph -->\r\n<p>M\u00e9dico Cirujano\u00a0 Registro Superintendencia de Salud de Chile # 385807<\/p>\r\n<!-- \/wp:paragraph -->\n        <\/div><\/article><\/div><\/div><\/div><\/div><\/section><section class=\"kc-elm kc-css-60950 kc_row\"><div class=\"kc-row-container  kc-container\"><div class=\"kc-wrap-columns\"><div class=\"kc-elm kc-css-821485 kc_col-sm-4 kc_column kc_col-sm-4\"><div class=\"kc-col-container\"><\/div><\/div><div class=\"kc-elm kc-css-679821 kc_col-sm-8 kc_column kc_col-sm-8\"><div class=\"kc-col-container\"><\/div><\/div><\/div><\/div><\/section><section class=\"kc-elm kc-css-291380 kc_row\"><div class=\"kc-row-container  kc-container\"><div class=\"kc-wrap-columns\"><div class=\"kc-elm kc-css-960781 kc_col-sm-4 kc_column kc_col-sm-4\"><div class=\"kc-col-container\"><article class=\"sabbi-thumlinepost-card solitude-bg__x profile-card kc-elm kc-css-109555\"><figure class=\"sabbi-thumlinepost-card-figure\">\n                    <img loading=\"lazy\" decoding=\"async\" width=\"360\" height=\"270\" src=\"https:\/\/oncovix.mpois.com\/wp-content\/uploads\/2017\/08\/fraa-360x270.jpg\" class=\"img-thumpost img-responsive\" alt=\"\" \/><figcaption><div class=\"fig-meta\"><\/div>\n                    <\/figcaption><\/figure><div class=\"card_st_fix\"><\/div><\/article><\/div><\/div><div class=\"kc-elm kc-css-898462 kc_col-sm-8 kc_column kc_col-sm-8\"><div class=\"kc-col-container\"><article class=\"profile-glimps\"><h2 class=\"entry-title title-foc-md\">Tm Francisco Guti\u00e9rrez<\/h2>\n        <p class=\"text-foc-md\"><\/p>\n        <p class=\"text-foc-md\"><\/p><div class=\"stage-content-biog\">\n            <!-- wp:list {\"type\":\"i\"} -->\n<ul type=\"i\"><li>Tecn\u00f3logo M\u00e9dico Menci\u00f3n en Morfofisiopatolog\u00eda y Citodiagnostico, Universidad de Concepci\u00f3n<ul><li>Reg. Supersalud 19447<\/li><li>DirectorFlowInmunoCell SPA: Citometr\u00eda de flujo, biolog\u00eda celular y molecular. Gerente General y Director de an\u00e1lisis.<\/li><li>Director de SOCHOM: Sociedad Chilena de Oncolog\u00eda Molecular<\/li><li>Director de SOCHIDEX: Sociedad Chilena de Inmunoterapia CD&amp;EX<\/li><li>Laboratorio de Endocrinolog\u00eda y Oncolog\u00eda Molecular, Universidad de Concepci\u00f3n. 2013-2016. Labmanager y Coinvestigador de proyecto INNOVA<\/li><li>Profesor de Inmunocitoqu\u00edmica y Microscop\u00eda Electr\u00f3nica. 2013-2014. Carrera de Tecnolog\u00eda M\u00e9dica, Universidad San Sebasti\u00e1n.<\/li><\/ul><\/li><\/ul>\n<!-- \/wp:list -->\n        <\/div><\/article><\/div><\/div><\/div><\/div><\/section><section class=\"kc-elm kc-css-244741 kc_row\"><div class=\"kc-row-container  kc-container\"><div class=\"kc-wrap-columns\"><div class=\"kc-elm kc-css-534527 kc_col-sm-4 kc_column kc_col-sm-4\"><div class=\"kc-col-container\"><article class=\"sabbi-thumlinepost-card solitude-bg__x profile-card kc-elm kc-css-393144\"><figure class=\"sabbi-thumlinepost-card-figure\">\n                    <img loading=\"lazy\" decoding=\"async\" width=\"360\" height=\"270\" src=\"https:\/\/oncovix.mpois.com\/wp-content\/uploads\/2017\/08\/WhatsApp-Image-2019-08-16-at-16.47.03-360x270.jpeg\" class=\"img-thumpost img-responsive\" alt=\"\" \/><figcaption><div class=\"fig-meta\"><\/div>\n                    <\/figcaption><\/figure><div class=\"card_st_fix\"><\/div><\/article><\/div><\/div><div class=\"kc-elm kc-css-391107 kc_col-sm-8 kc_column kc_col-sm-8\"><div class=\"kc-col-container\"><article class=\"profile-glimps\"><h2 class=\"entry-title title-foc-md\">Sr Alberto Ar\u00e9valo Romero<\/h2>\n        <p class=\"text-foc-md\"><\/p>\n        <p class=\"text-foc-md\"><\/p><div class=\"stage-content-biog\">\n            <!-- wp:list {\"type\":\"i\"} -->\n<ul type=\"i\"><li><strong>A<\/strong>bogado Contralor para LATAM.<\/li><li>Abogado del Consejo de Defensa del Estado 2009 a la fecha Abogado del Comit\u00e9 de \u00e9tica del colegio m\u00e9dico regional Concepci\u00f3n.<\/li><li>Profesor derecho U. el Desarrollo .<\/li><li>Expresidente del Colegio de Abogados Regional Concepci\u00f3n.<\/li><\/ul>\n<!-- \/wp:list -->\n        <\/div><\/article><\/div><\/div><\/div><\/div><\/section><\/p>\n","protected":false},"excerpt":{"rendered":"","protected":false},"author":1,"featured_media":1832,"parent":0,"menu_order":0,"comment_status":"closed","ping_status":"closed","template":"","meta":{"footnotes":""},"yoast_head":"<!-- This site is optimized with the Yoast SEO plugin v23.5 - https:\/\/yoast.com\/wordpress\/plugins\/seo\/ -->\n<title>Profesionales - Oncovix<\/title>\n<meta name=\"robots\" content=\"noindex, follow, max-snippet:-1, max-image-preview:large, max-video-preview:-1\" \/>\n<meta property=\"og:locale\" content=\"es_ES\" \/>\n<meta property=\"og:type\" content=\"article\" \/>\n<meta property=\"og:title\" content=\"Profesionales - Oncovix\" \/>\n<meta property=\"og:description\" content=\"El equipo de profesionales vinculados, directa e indirectamente, incluye: Cl\u00ednicos: m\u00e9dicos, pat\u00f3logos, onc\u00f3logo molecular, radio-onc\u00f3logo referente, enfermer\u00eda, kinesiolog\u00eda. Cient\u00edficos: tecnolog\u00eda m\u00e9dica, bioqu\u00edmica. Gestion: Ingenieros comerciales, ingenieros inform\u00e1ticos. Contralor\u00eda: abogados especialistas en \u00e1mbito m\u00e9dico legal. Dr. Ramon Gutierrez CEO Onco-Pat\u00f3logo i. MSL by UC Berkeley, USA ii. Medical Science Advisor de ONCOCIT USA, Lake Nona Medical [&hellip;]\" \/>\n<meta property=\"og:url\" content=\"https:\/\/oncovix.mpois.com\/?page_id=198\" \/>\n<meta property=\"og:site_name\" content=\"Oncovix\" \/>\n<meta property=\"article:modified_time\" content=\"2021-08-09T00:35:54+00:00\" \/>\n<meta property=\"og:image\" content=\"https:\/\/i1.wp.com\/oncovix.com\/wp-content\/uploads\/2018\/09\/team-banner.jpg?fit=1920%2C225&ssl=1\" \/>\n\t<meta property=\"og:image:width\" content=\"1920\" \/>\n\t<meta property=\"og:image:height\" content=\"225\" \/>\n\t<meta property=\"og:image:type\" content=\"image\/jpeg\" \/>\n<meta name=\"twitter:card\" content=\"summary_large_image\" \/>\n<meta name=\"twitter:label1\" content=\"Tiempo de lectura\" \/>\n\t<meta name=\"twitter:data1\" content=\"3 minutos\" \/>\n<script type=\"application\/ld+json\" class=\"yoast-schema-graph\">{\"@context\":\"https:\/\/schema.org\",\"@graph\":[{\"@type\":\"WebPage\",\"@id\":\"https:\/\/oncovix.mpois.com\/?page_id=198\",\"url\":\"https:\/\/oncovix.mpois.com\/?page_id=198\",\"name\":\"Profesionales - Oncovix\",\"isPartOf\":{\"@id\":\"https:\/\/oncovix.mpois.com\/#website\"},\"primaryImageOfPage\":{\"@id\":\"https:\/\/oncovix.mpois.com\/?page_id=198#primaryimage\"},\"image\":{\"@id\":\"https:\/\/oncovix.mpois.com\/?page_id=198#primaryimage\"},\"thumbnailUrl\":\"https:\/\/oncovix.mpois.com\/wp-content\/uploads\/2018\/09\/team-banner.jpg\",\"datePublished\":\"2017-08-01T09:00:06+00:00\",\"dateModified\":\"2021-08-09T00:35:54+00:00\",\"breadcrumb\":{\"@id\":\"https:\/\/oncovix.mpois.com\/?page_id=198#breadcrumb\"},\"inLanguage\":\"es\",\"potentialAction\":[{\"@type\":\"ReadAction\",\"target\":[\"https:\/\/oncovix.mpois.com\/?page_id=198\"]}]},{\"@type\":\"ImageObject\",\"inLanguage\":\"es\",\"@id\":\"https:\/\/oncovix.mpois.com\/?page_id=198#primaryimage\",\"url\":\"https:\/\/oncovix.mpois.com\/wp-content\/uploads\/2018\/09\/team-banner.jpg\",\"contentUrl\":\"https:\/\/oncovix.mpois.com\/wp-content\/uploads\/2018\/09\/team-banner.jpg\",\"width\":1920,\"height\":225},{\"@type\":\"BreadcrumbList\",\"@id\":\"https:\/\/oncovix.mpois.com\/?page_id=198#breadcrumb\",\"itemListElement\":[{\"@type\":\"ListItem\",\"position\":1,\"name\":\"Portada\",\"item\":\"https:\/\/oncovix.mpois.com\/\"},{\"@type\":\"ListItem\",\"position\":2,\"name\":\"Profesionales\"}]},{\"@type\":\"WebSite\",\"@id\":\"https:\/\/oncovix.mpois.com\/#website\",\"url\":\"https:\/\/oncovix.mpois.com\/\",\"name\":\"Oncovix\",\"description\":\"\",\"publisher\":{\"@id\":\"https:\/\/oncovix.mpois.com\/#organization\"},\"potentialAction\":[{\"@type\":\"SearchAction\",\"target\":{\"@type\":\"EntryPoint\",\"urlTemplate\":\"https:\/\/oncovix.mpois.com\/?s={search_term_string}\"},\"query-input\":{\"@type\":\"PropertyValueSpecification\",\"valueRequired\":true,\"valueName\":\"search_term_string\"}}],\"inLanguage\":\"es\"},{\"@type\":\"Organization\",\"@id\":\"https:\/\/oncovix.mpois.com\/#organization\",\"name\":\"Oncovix\",\"url\":\"https:\/\/oncovix.mpois.com\/\",\"logo\":{\"@type\":\"ImageObject\",\"inLanguage\":\"es\",\"@id\":\"https:\/\/oncovix.mpois.com\/#\/schema\/logo\/image\/\",\"url\":\"https:\/\/oncovix.mpois.com\/wp-content\/uploads\/2021\/08\/logo3.jpeg\",\"contentUrl\":\"https:\/\/oncovix.mpois.com\/wp-content\/uploads\/2021\/08\/logo3.jpeg\",\"width\":1125,\"height\":349,\"caption\":\"Oncovix\"},\"image\":{\"@id\":\"https:\/\/oncovix.mpois.com\/#\/schema\/logo\/image\/\"}}]}<\/script>\n<!-- \/ Yoast SEO plugin. -->","yoast_head_json":{"title":"Profesionales - Oncovix","robots":{"index":"noindex","follow":"follow","max-snippet":"max-snippet:-1","max-image-preview":"max-image-preview:large","max-video-preview":"max-video-preview:-1"},"og_locale":"es_ES","og_type":"article","og_title":"Profesionales - Oncovix","og_description":"El equipo de profesionales vinculados, directa e indirectamente, incluye: Cl\u00ednicos: m\u00e9dicos, pat\u00f3logos, onc\u00f3logo molecular, radio-onc\u00f3logo referente, enfermer\u00eda, kinesiolog\u00eda. Cient\u00edficos: tecnolog\u00eda m\u00e9dica, bioqu\u00edmica. Gestion: Ingenieros comerciales, ingenieros inform\u00e1ticos. Contralor\u00eda: abogados especialistas en \u00e1mbito m\u00e9dico legal. Dr. Ramon Gutierrez CEO Onco-Pat\u00f3logo i. MSL by UC Berkeley, USA ii. Medical Science Advisor de ONCOCIT USA, Lake Nona Medical [&hellip;]","og_url":"https:\/\/oncovix.mpois.com\/?page_id=198","og_site_name":"Oncovix","article_modified_time":"2021-08-09T00:35:54+00:00","og_image":[{"width":1920,"height":225,"url":"https:\/\/i1.wp.com\/oncovix.com\/wp-content\/uploads\/2018\/09\/team-banner.jpg?fit=1920%2C225&ssl=1","type":"image\/jpeg"}],"twitter_card":"summary_large_image","twitter_misc":{"Tiempo de lectura":"3 minutos"},"schema":{"@context":"https:\/\/schema.org","@graph":[{"@type":"WebPage","@id":"https:\/\/oncovix.mpois.com\/?page_id=198","url":"https:\/\/oncovix.mpois.com\/?page_id=198","name":"Profesionales - Oncovix","isPartOf":{"@id":"https:\/\/oncovix.mpois.com\/#website"},"primaryImageOfPage":{"@id":"https:\/\/oncovix.mpois.com\/?page_id=198#primaryimage"},"image":{"@id":"https:\/\/oncovix.mpois.com\/?page_id=198#primaryimage"},"thumbnailUrl":"https:\/\/oncovix.mpois.com\/wp-content\/uploads\/2018\/09\/team-banner.jpg","datePublished":"2017-08-01T09:00:06+00:00","dateModified":"2021-08-09T00:35:54+00:00","breadcrumb":{"@id":"https:\/\/oncovix.mpois.com\/?page_id=198#breadcrumb"},"inLanguage":"es","potentialAction":[{"@type":"ReadAction","target":["https:\/\/oncovix.mpois.com\/?page_id=198"]}]},{"@type":"ImageObject","inLanguage":"es","@id":"https:\/\/oncovix.mpois.com\/?page_id=198#primaryimage","url":"https:\/\/oncovix.mpois.com\/wp-content\/uploads\/2018\/09\/team-banner.jpg","contentUrl":"https:\/\/oncovix.mpois.com\/wp-content\/uploads\/2018\/09\/team-banner.jpg","width":1920,"height":225},{"@type":"BreadcrumbList","@id":"https:\/\/oncovix.mpois.com\/?page_id=198#breadcrumb","itemListElement":[{"@type":"ListItem","position":1,"name":"Portada","item":"https:\/\/oncovix.mpois.com\/"},{"@type":"ListItem","position":2,"name":"Profesionales"}]},{"@type":"WebSite","@id":"https:\/\/oncovix.mpois.com\/#website","url":"https:\/\/oncovix.mpois.com\/","name":"Oncovix","description":"","publisher":{"@id":"https:\/\/oncovix.mpois.com\/#organization"},"potentialAction":[{"@type":"SearchAction","target":{"@type":"EntryPoint","urlTemplate":"https:\/\/oncovix.mpois.com\/?s={search_term_string}"},"query-input":{"@type":"PropertyValueSpecification","valueRequired":true,"valueName":"search_term_string"}}],"inLanguage":"es"},{"@type":"Organization","@id":"https:\/\/oncovix.mpois.com\/#organization","name":"Oncovix","url":"https:\/\/oncovix.mpois.com\/","logo":{"@type":"ImageObject","inLanguage":"es","@id":"https:\/\/oncovix.mpois.com\/#\/schema\/logo\/image\/","url":"https:\/\/oncovix.mpois.com\/wp-content\/uploads\/2021\/08\/logo3.jpeg","contentUrl":"https:\/\/oncovix.mpois.com\/wp-content\/uploads\/2021\/08\/logo3.jpeg","width":1125,"height":349,"caption":"Oncovix"},"image":{"@id":"https:\/\/oncovix.mpois.com\/#\/schema\/logo\/image\/"}}]}},"_links":{"self":[{"href":"https:\/\/oncovix.mpois.com\/index.php?rest_route=\/wp\/v2\/pages\/198"}],"collection":[{"href":"https:\/\/oncovix.mpois.com\/index.php?rest_route=\/wp\/v2\/pages"}],"about":[{"href":"https:\/\/oncovix.mpois.com\/index.php?rest_route=\/wp\/v2\/types\/page"}],"author":[{"embeddable":true,"href":"https:\/\/oncovix.mpois.com\/index.php?rest_route=\/wp\/v2\/users\/1"}],"replies":[{"embeddable":true,"href":"https:\/\/oncovix.mpois.com\/index.php?rest_route=%2Fwp%2Fv2%2Fcomments&post=198"}],"version-history":[{"count":6,"href":"https:\/\/oncovix.mpois.com\/index.php?rest_route=\/wp\/v2\/pages\/198\/revisions"}],"predecessor-version":[{"id":2296,"href":"https:\/\/oncovix.mpois.com\/index.php?rest_route=\/wp\/v2\/pages\/198\/revisions\/2296"}],"wp:featuredmedia":[{"embeddable":true,"href":"https:\/\/oncovix.mpois.com\/index.php?rest_route=\/wp\/v2\/media\/1832"}],"wp:attachment":[{"href":"https:\/\/oncovix.mpois.com\/index.php?rest_route=%2Fwp%2Fv2%2Fmedia&parent=198"}],"curies":[{"name":"wp","href":"https:\/\/api.w.org\/{rel}","templated":true}]}}