{"id":2228,"date":"2021-08-08T22:40:16","date_gmt":"2021-08-08T22:40:16","guid":{"rendered":"https:\/\/oncovix.mpois.com\/?page_id=2228"},"modified":"2021-08-08T23:47:50","modified_gmt":"2021-08-08T23:47:50","slug":"historia","status":"publish","type":"page","link":"https:\/\/oncovix.mpois.com\/?page_id=2228","title":{"rendered":"Historia"},"content":{"rendered":"<p><section class=\"kc-elm kc-css-612369 kc_row\"><div class=\"kc-row-container  kc-container\"><div class=\"kc-wrap-columns\"><div class=\"kc-elm kc-css-609022 kc_col-sm-12 kc_column kc_col-sm-12\"><div class=\"kc-col-container\">\n<div class=\"kc-elm kc-css-671496 kc-title-wrap \">\n\n\t<h2 class=\"kc_title page-title font-md lil-line\">Oncovix de gestionado bajo coordinaci\u00f3n internacional de ONCOCIT: HISTORIA DEL CONSORCIO: ONCOCIT USA<\/h2>\n<\/div>\n<\/div><\/div><\/div><\/div><\/section><section class=\"kc-elm kc-css-716428 kc_row\"><div class=\"kc-row-container  kc-container\"><div class=\"kc-wrap-columns\"><div class=\"kc-elm kc-css-408299 kc_col-sm-12 kc_column kc_col-sm-12\"><div class=\"kc-col-container\"><div class=\"kc-elm kc-css-104562 kc_text_block\"><\/p>\n<p>La inmunoterapia adoptiva que se consolid\u00f3 frente al c\u00e1ncer<\/p>\n<p>Hace 10 a\u00f1os, un paciente, ve\u00eda con angustia, la inmunoterapia disponible en otros pa\u00edses, mientras en algunos pa\u00edses, muy pocos pacientes al a\u00f1o pod\u00edan costearla, demorando un valioso tiempo, lo cual perjudicaba su pron\u00f3stico. As\u00ed, el consorcio BioG\u00e9nica con 20 a\u00f1os de trayectoria en nuestra zona, cre\u00f3 ReCell, fuertemente identificado con nuestra regi\u00f3n y con un historial de \u00e9xito y constantes avances. ReCell fue el 1er centro regional y nacional en inmunoterapia adoptiva espec\u00edfica personalizada de 3a generaci\u00f3n, a partir de muestra de sangre y biopsia del tumor. Luego lleg\u00f3 la adjudicaci\u00f3n de proyectos <u>CORFO e IncubaUdeC para validaci\u00f3n de protocolos<\/u>, el desarrollo de kits moleculares y tumorales, los testimonios y resultados de pacientes propios, liderazgo de sociedades cient\u00edficas, y alianzas a pa\u00edses de Am\u00e9rica y Europa, gracias a reducci\u00f3n en 80% del costo en protocolos similares en esos pa\u00edses.<\/p>\n<\/p>\n<p>Atr\u00e1s quedaron tiempos en que, por desinformaci\u00f3n, se confund\u00eda a la inmunoterapia adoptiva espec\u00edfica con otras variantes, pensando que era riesgosa, experimental, inefectiva, incompatible o inaccesible, solucionado con profesionales con formaci\u00f3n oncol\u00f3gica actualizada desde el extranjero, que no la vieron como competencia, y que comprendieron su perfil complementario en favor del paciente, a trav\u00e9s de un tratamiento nuevo, seguro, efectivo, necesario, recomendado y comprobado. ONCOCIT- ReCell est\u00e1 respaldado por un comit\u00e9 con m\u00e1s de 30 profesionales, incluyendo los m\u00e9dicos <u>oncopat\u00f3logo y onc\u00f3logo molecular (Dr Ram\u00f3n Guti\u00e9rrez), y la colabroaci\u00f3n m\u00e1s tarde para protocolos combinados, del onc\u00f3logo radioterapeuta (Dr Leonardo Badinez),<\/u> ambos profesores universitarios de destacada trayectoria, junto a m\u00e9dicos cl\u00ednicos, enfermeros, tecn\u00f3logos m\u00e9dicos y kinesi\u00f3logo, con cobertura nacional para atender a los pacientes que postulan, en un ambiente de confianza y comprensi\u00f3n.<\/p>\n<p>\n<\/div><\/div><\/div><\/div><\/div><\/section><section class=\"kc-elm kc-css-139665 kc_row\"><div class=\"kc-row-container  kc-container\"><div class=\"kc-wrap-columns\"><div class=\"kc-elm kc-css-542698 kc_col-sm-6 kc_column kc_col-sm-6\"><div class=\"kc-col-container\"><div class=\"kc-elm kc-css-89477 kc_shortcode kc_single_image\">\n\n        <img decoding=\"async\" src=\"https:\/\/oncovix.mpois.com\/wp-content\/uploads\/2021\/08\/WhatsApp-Image-2021-08-05-at-19.13.45-9.jpeg\" class=\"\" alt=\"\" \/>    <\/div>\n<\/div><\/div><div class=\"kc-elm kc-css-979929 kc_col-sm-6 kc_column kc_col-sm-6\"><div class=\"kc-col-container\"><div class=\"kc-elm kc-css-457060 kc_text_block\"><\/p>\n<ul>\n<li>\n<p>A nivel mundial, <u>la inmunoterapia posee s\u00f3lida evidencia y resultados favorables, disponible a nivel privado,<\/u> pero a\u00fan falta mucho para ser una pol\u00edtica de salud p\u00fablica, debido a la falta de centros calificados, d\u00e9ficit presupuestario, uso personalizado no masivo y escasos programas de formaci\u00f3n cl\u00ednica.<\/p>\n<\/li>\n<\/ul>\n<p>\n<\/div><\/div><\/div><\/div><\/div><\/section><section class=\"kc-elm kc-css-277347 kc_row\"><div class=\"kc-row-container  kc-container\"><div class=\"kc-wrap-columns\"><div class=\"kc-elm kc-css-743080 kc_col-sm-12 kc_column kc_col-sm-12\"><div class=\"kc-col-container\"><div class=\"kc-elm kc-css-823651 kc_text_block\"><\/p>\n<p>Para ONCOCIT su principal \u00e9xito, no son cifras comerciales, sino haber resuelto el desconocimiento que rodea este tipo de avances, alcanzando despu\u00e9s de a\u00f1os, el valioso reconocimiento de pacientes y equipos oncol\u00f3gicos que visitaron sus instalaciones, con los mejores <u>protocolos sin\u00e9rgicos en inmuno-radioterapia con el destacado centro INRAD de Santiago<\/u>, llevando a cientos de pacientes una opci\u00f3n terapeutica real\u00a0, mayor sobrevida general obtenido distintos niveles de respuesta favorable, con mejor calidad de vida, mayor sobrevida gap\u00e9utica real, cuando ya no ten\u00edan esperanza, con distintos niveles de respuesta favorable y segura, mejor calidad de vida y mayor sobrevida general.<\/p>\n<p>Hoy, ReCell forma parte del Consorcio Internacional BIOGENICA, presente en 12 pa\u00edses, incluidos Argentina, Per\u00fa, Costa Rica, M\u00e9xico y Espa\u00f1a, y est\u00e1 enfocado en el avanzado programa <u>\u201cnext generation\u201d,<\/u> solicitado desde Europa, transd\u00e9rmico, con aplicaciones de nanofot\u00f3nica y <u>oncoterapia molecular de efecto abscopal<\/u>, para tratamientos a\u00fan m\u00e1s seguros, menos invasivos, de menor costo y mayor resultado. Finalmente, ONCOCIT USA, permiti\u00f3 el acceso a nueva biotecnolog\u00eda, acceso a mayor n\u00famero de pa\u00edses, algoritmos m\u00e1s complejos y potenciar a\u00fan m\u00e1s los resultados esperados.<\/p>\n<p><a href=\"http:\/\/www.oncocit.com\">www.oncocit.com<\/a><\/p>\n<p><a href=\"http:\/\/www.recell.cl\">www.recell.cl<\/a>\u00a0<\/p>\n<p><a href=\"http:\/\/www.recellsalud.com\">www.recellsalud.com<\/a><\/p>\n<p><a href=\"http:\/\/www.biogenica.org\">www.biogenica.org<\/a><\/p>\n<p>ONCOCIT, BIOTECNOLOG\u00cdA MOLECULAR<\/p>\n<p>\n<\/div><\/div><\/div><\/div><\/div><\/section><\/p>\n","protected":false},"excerpt":{"rendered":"","protected":false},"author":1,"featured_media":2196,"parent":0,"menu_order":0,"comment_status":"closed","ping_status":"closed","template":"","meta":{"footnotes":""},"yoast_head":"<!-- This site is optimized with the Yoast SEO plugin v23.5 - https:\/\/yoast.com\/wordpress\/plugins\/seo\/ -->\n<title>Historia - Oncovix<\/title>\n<meta name=\"robots\" content=\"noindex, follow, max-snippet:-1, max-image-preview:large, max-video-preview:-1\" \/>\n<meta property=\"og:locale\" content=\"es_ES\" \/>\n<meta property=\"og:type\" content=\"article\" \/>\n<meta property=\"og:title\" content=\"Historia - Oncovix\" \/>\n<meta property=\"og:description\" content=\"Oncovix de gestionado bajo coordinaci\u00f3n internacional de ONCOCIT: HISTORIA DEL CONSORCIO: ONCOCIT USA La inmunoterapia adoptiva que se consolid\u00f3 frente al c\u00e1ncer Hace 10 a\u00f1os, un paciente, ve\u00eda con angustia, la inmunoterapia disponible en otros pa\u00edses, mientras en algunos pa\u00edses, muy pocos pacientes al a\u00f1o pod\u00edan costearla, demorando un valioso tiempo, lo cual perjudicaba su [&hellip;]\" \/>\n<meta property=\"og:url\" content=\"https:\/\/oncovix.mpois.com\/?page_id=2228\" \/>\n<meta property=\"og:site_name\" content=\"Oncovix\" \/>\n<meta property=\"article:modified_time\" content=\"2021-08-08T23:47:50+00:00\" \/>\n<meta property=\"og:image\" content=\"https:\/\/i2.wp.com\/oncovix.com\/wp-content\/uploads\/2018\/10\/Data-Analytical-1-scaled.jpg?fit=2560%2C1203&ssl=1\" \/>\n\t<meta property=\"og:image:width\" content=\"2560\" \/>\n\t<meta property=\"og:image:height\" content=\"1203\" \/>\n\t<meta property=\"og:image:type\" content=\"image\/jpeg\" \/>\n<meta name=\"twitter:card\" content=\"summary_large_image\" \/>\n<meta name=\"twitter:label1\" content=\"Tiempo de lectura\" \/>\n\t<meta name=\"twitter:data1\" content=\"3 minutos\" \/>\n<script type=\"application\/ld+json\" class=\"yoast-schema-graph\">{\"@context\":\"https:\/\/schema.org\",\"@graph\":[{\"@type\":\"WebPage\",\"@id\":\"https:\/\/oncovix.mpois.com\/?page_id=2228\",\"url\":\"https:\/\/oncovix.mpois.com\/?page_id=2228\",\"name\":\"Historia - Oncovix\",\"isPartOf\":{\"@id\":\"https:\/\/oncovix.mpois.com\/#website\"},\"primaryImageOfPage\":{\"@id\":\"https:\/\/oncovix.mpois.com\/?page_id=2228#primaryimage\"},\"image\":{\"@id\":\"https:\/\/oncovix.mpois.com\/?page_id=2228#primaryimage\"},\"thumbnailUrl\":\"https:\/\/oncovix.mpois.com\/wp-content\/uploads\/2018\/10\/Data-Analytical-1-scaled.jpg\",\"datePublished\":\"2021-08-08T22:40:16+00:00\",\"dateModified\":\"2021-08-08T23:47:50+00:00\",\"breadcrumb\":{\"@id\":\"https:\/\/oncovix.mpois.com\/?page_id=2228#breadcrumb\"},\"inLanguage\":\"es\",\"potentialAction\":[{\"@type\":\"ReadAction\",\"target\":[\"https:\/\/oncovix.mpois.com\/?page_id=2228\"]}]},{\"@type\":\"ImageObject\",\"inLanguage\":\"es\",\"@id\":\"https:\/\/oncovix.mpois.com\/?page_id=2228#primaryimage\",\"url\":\"https:\/\/oncovix.mpois.com\/wp-content\/uploads\/2018\/10\/Data-Analytical-1-scaled.jpg\",\"contentUrl\":\"https:\/\/oncovix.mpois.com\/wp-content\/uploads\/2018\/10\/Data-Analytical-1-scaled.jpg\",\"width\":2560,\"height\":1203},{\"@type\":\"BreadcrumbList\",\"@id\":\"https:\/\/oncovix.mpois.com\/?page_id=2228#breadcrumb\",\"itemListElement\":[{\"@type\":\"ListItem\",\"position\":1,\"name\":\"Portada\",\"item\":\"https:\/\/oncovix.mpois.com\/\"},{\"@type\":\"ListItem\",\"position\":2,\"name\":\"Historia\"}]},{\"@type\":\"WebSite\",\"@id\":\"https:\/\/oncovix.mpois.com\/#website\",\"url\":\"https:\/\/oncovix.mpois.com\/\",\"name\":\"Oncovix\",\"description\":\"\",\"publisher\":{\"@id\":\"https:\/\/oncovix.mpois.com\/#organization\"},\"potentialAction\":[{\"@type\":\"SearchAction\",\"target\":{\"@type\":\"EntryPoint\",\"urlTemplate\":\"https:\/\/oncovix.mpois.com\/?s={search_term_string}\"},\"query-input\":{\"@type\":\"PropertyValueSpecification\",\"valueRequired\":true,\"valueName\":\"search_term_string\"}}],\"inLanguage\":\"es\"},{\"@type\":\"Organization\",\"@id\":\"https:\/\/oncovix.mpois.com\/#organization\",\"name\":\"Oncovix\",\"url\":\"https:\/\/oncovix.mpois.com\/\",\"logo\":{\"@type\":\"ImageObject\",\"inLanguage\":\"es\",\"@id\":\"https:\/\/oncovix.mpois.com\/#\/schema\/logo\/image\/\",\"url\":\"https:\/\/oncovix.mpois.com\/wp-content\/uploads\/2021\/08\/logo3.jpeg\",\"contentUrl\":\"https:\/\/oncovix.mpois.com\/wp-content\/uploads\/2021\/08\/logo3.jpeg\",\"width\":1125,\"height\":349,\"caption\":\"Oncovix\"},\"image\":{\"@id\":\"https:\/\/oncovix.mpois.com\/#\/schema\/logo\/image\/\"}}]}<\/script>\n<!-- \/ Yoast SEO plugin. -->","yoast_head_json":{"title":"Historia - Oncovix","robots":{"index":"noindex","follow":"follow","max-snippet":"max-snippet:-1","max-image-preview":"max-image-preview:large","max-video-preview":"max-video-preview:-1"},"og_locale":"es_ES","og_type":"article","og_title":"Historia - Oncovix","og_description":"Oncovix de gestionado bajo coordinaci\u00f3n internacional de ONCOCIT: HISTORIA DEL CONSORCIO: ONCOCIT USA La inmunoterapia adoptiva que se consolid\u00f3 frente al c\u00e1ncer Hace 10 a\u00f1os, un paciente, ve\u00eda con angustia, la inmunoterapia disponible en otros pa\u00edses, mientras en algunos pa\u00edses, muy pocos pacientes al a\u00f1o pod\u00edan costearla, demorando un valioso tiempo, lo cual perjudicaba su [&hellip;]","og_url":"https:\/\/oncovix.mpois.com\/?page_id=2228","og_site_name":"Oncovix","article_modified_time":"2021-08-08T23:47:50+00:00","og_image":[{"width":2560,"height":1203,"url":"https:\/\/i2.wp.com\/oncovix.com\/wp-content\/uploads\/2018\/10\/Data-Analytical-1-scaled.jpg?fit=2560%2C1203&ssl=1","type":"image\/jpeg"}],"twitter_card":"summary_large_image","twitter_misc":{"Tiempo de lectura":"3 minutos"},"schema":{"@context":"https:\/\/schema.org","@graph":[{"@type":"WebPage","@id":"https:\/\/oncovix.mpois.com\/?page_id=2228","url":"https:\/\/oncovix.mpois.com\/?page_id=2228","name":"Historia - Oncovix","isPartOf":{"@id":"https:\/\/oncovix.mpois.com\/#website"},"primaryImageOfPage":{"@id":"https:\/\/oncovix.mpois.com\/?page_id=2228#primaryimage"},"image":{"@id":"https:\/\/oncovix.mpois.com\/?page_id=2228#primaryimage"},"thumbnailUrl":"https:\/\/oncovix.mpois.com\/wp-content\/uploads\/2018\/10\/Data-Analytical-1-scaled.jpg","datePublished":"2021-08-08T22:40:16+00:00","dateModified":"2021-08-08T23:47:50+00:00","breadcrumb":{"@id":"https:\/\/oncovix.mpois.com\/?page_id=2228#breadcrumb"},"inLanguage":"es","potentialAction":[{"@type":"ReadAction","target":["https:\/\/oncovix.mpois.com\/?page_id=2228"]}]},{"@type":"ImageObject","inLanguage":"es","@id":"https:\/\/oncovix.mpois.com\/?page_id=2228#primaryimage","url":"https:\/\/oncovix.mpois.com\/wp-content\/uploads\/2018\/10\/Data-Analytical-1-scaled.jpg","contentUrl":"https:\/\/oncovix.mpois.com\/wp-content\/uploads\/2018\/10\/Data-Analytical-1-scaled.jpg","width":2560,"height":1203},{"@type":"BreadcrumbList","@id":"https:\/\/oncovix.mpois.com\/?page_id=2228#breadcrumb","itemListElement":[{"@type":"ListItem","position":1,"name":"Portada","item":"https:\/\/oncovix.mpois.com\/"},{"@type":"ListItem","position":2,"name":"Historia"}]},{"@type":"WebSite","@id":"https:\/\/oncovix.mpois.com\/#website","url":"https:\/\/oncovix.mpois.com\/","name":"Oncovix","description":"","publisher":{"@id":"https:\/\/oncovix.mpois.com\/#organization"},"potentialAction":[{"@type":"SearchAction","target":{"@type":"EntryPoint","urlTemplate":"https:\/\/oncovix.mpois.com\/?s={search_term_string}"},"query-input":{"@type":"PropertyValueSpecification","valueRequired":true,"valueName":"search_term_string"}}],"inLanguage":"es"},{"@type":"Organization","@id":"https:\/\/oncovix.mpois.com\/#organization","name":"Oncovix","url":"https:\/\/oncovix.mpois.com\/","logo":{"@type":"ImageObject","inLanguage":"es","@id":"https:\/\/oncovix.mpois.com\/#\/schema\/logo\/image\/","url":"https:\/\/oncovix.mpois.com\/wp-content\/uploads\/2021\/08\/logo3.jpeg","contentUrl":"https:\/\/oncovix.mpois.com\/wp-content\/uploads\/2021\/08\/logo3.jpeg","width":1125,"height":349,"caption":"Oncovix"},"image":{"@id":"https:\/\/oncovix.mpois.com\/#\/schema\/logo\/image\/"}}]}},"_links":{"self":[{"href":"https:\/\/oncovix.mpois.com\/index.php?rest_route=\/wp\/v2\/pages\/2228"}],"collection":[{"href":"https:\/\/oncovix.mpois.com\/index.php?rest_route=\/wp\/v2\/pages"}],"about":[{"href":"https:\/\/oncovix.mpois.com\/index.php?rest_route=\/wp\/v2\/types\/page"}],"author":[{"embeddable":true,"href":"https:\/\/oncovix.mpois.com\/index.php?rest_route=\/wp\/v2\/users\/1"}],"replies":[{"embeddable":true,"href":"https:\/\/oncovix.mpois.com\/index.php?rest_route=%2Fwp%2Fv2%2Fcomments&post=2228"}],"version-history":[{"count":5,"href":"https:\/\/oncovix.mpois.com\/index.php?rest_route=\/wp\/v2\/pages\/2228\/revisions"}],"predecessor-version":[{"id":2273,"href":"https:\/\/oncovix.mpois.com\/index.php?rest_route=\/wp\/v2\/pages\/2228\/revisions\/2273"}],"wp:featuredmedia":[{"embeddable":true,"href":"https:\/\/oncovix.mpois.com\/index.php?rest_route=\/wp\/v2\/media\/2196"}],"wp:attachment":[{"href":"https:\/\/oncovix.mpois.com\/index.php?rest_route=%2Fwp%2Fv2%2Fmedia&parent=2228"}],"curies":[{"name":"wp","href":"https:\/\/api.w.org\/{rel}","templated":true}]}}