{"id":2230,"date":"2021-08-08T22:41:06","date_gmt":"2021-08-08T22:41:06","guid":{"rendered":"https:\/\/oncovix.mpois.com\/?page_id=2230"},"modified":"2021-08-08T23:54:09","modified_gmt":"2021-08-08T23:54:09","slug":"modelo-de-atencion","status":"publish","type":"page","link":"https:\/\/oncovix.mpois.com\/?page_id=2230","title":{"rendered":"Modelo de atenci\u00f3n"},"content":{"rendered":"<section data-kc-fullwidth=\"row\" class=\"kc-elm kc-css-259200 kc_row\"><div class=\"kc-row-container  kc-container\"><div class=\"kc-wrap-columns\"><div class=\"kc-elm kc-css-698843 kc_col-sm-6 kc_column kc_col-sm-6\"><div class=\"kc-col-container\">\n<div class=\"kc-elm kc-css-531330 kc-title-wrap \">\n\n\t<h2 class=\"kc_title stage-title font-md lil-line\">El modelo internacional<\/h2>\n<\/div>\n<div class=\"kc-elm kc-css-464791 kc_text_block\"><\/p>\n<p>El modelo internacional de atenci\u00f3n, posee un alto perfil inclusivo, que no limita el acceso solo a pacientes que cercanos a alg\u00fan centro de atenci\u00f3n, sino que desarrolla un consolidado y seguro formato domiciliario, originado luego del inicio de la pandemia por COVID-19, que r\u00e1pidamente entrego importantes beneficios a los pacientes, rediciendo tiempos y costos de movilizaci\u00f3n, evitando buscar soporte familiar para traslados, reduciendo riesgos y complicaciones por situaciones clim\u00e1ticas y de tr\u00e1nsito, permitiendo recepci\u00f3n en zonas alejadas y eliminando costos de alojamiento inclusive.<\/p>\n<p>\n<\/div><\/div><\/div><div class=\"kc-elm kc-css-449611 kc_col-sm-6 kc_column kc_col-sm-6\"><div class=\"kc-col-container\"><\/div><\/div><\/div><\/div><\/section>\n","protected":false},"excerpt":{"rendered":"","protected":false},"author":1,"featured_media":2245,"parent":0,"menu_order":0,"comment_status":"closed","ping_status":"closed","template":"","meta":{"footnotes":""},"yoast_head":"<!-- This site is optimized with the Yoast SEO plugin v23.5 - https:\/\/yoast.com\/wordpress\/plugins\/seo\/ -->\n<title>Modelo de atenci\u00f3n - Oncovix<\/title>\n<meta name=\"robots\" content=\"noindex, follow, max-snippet:-1, max-image-preview:large, max-video-preview:-1\" \/>\n<meta property=\"og:locale\" content=\"es_ES\" \/>\n<meta property=\"og:type\" content=\"article\" \/>\n<meta property=\"og:title\" content=\"Modelo de atenci\u00f3n - Oncovix\" \/>\n<meta property=\"og:description\" content=\"El modelo internacional El modelo internacional de atenci\u00f3n, posee un alto perfil inclusivo, que no limita el acceso solo a pacientes que cercanos a alg\u00fan centro de atenci\u00f3n, sino que desarrolla un consolidado y seguro formato domiciliario, originado luego del inicio de la pandemia por COVID-19, que r\u00e1pidamente entrego importantes beneficios a los pacientes, rediciendo [&hellip;]\" \/>\n<meta property=\"og:url\" content=\"https:\/\/oncovix.mpois.com\/?page_id=2230\" \/>\n<meta property=\"og:site_name\" content=\"Oncovix\" \/>\n<meta property=\"article:modified_time\" content=\"2021-08-08T23:54:09+00:00\" \/>\n<meta property=\"og:image\" content=\"https:\/\/i0.wp.com\/oncovix.com\/wp-content\/uploads\/2021\/08\/inmunoterapia.jpg?fit=1280%2C500&ssl=1\" \/>\n\t<meta property=\"og:image:width\" content=\"1280\" \/>\n\t<meta property=\"og:image:height\" content=\"500\" \/>\n\t<meta property=\"og:image:type\" content=\"image\/jpeg\" \/>\n<meta name=\"twitter:card\" content=\"summary_large_image\" \/>\n<script type=\"application\/ld+json\" class=\"yoast-schema-graph\">{\"@context\":\"https:\/\/schema.org\",\"@graph\":[{\"@type\":\"WebPage\",\"@id\":\"https:\/\/oncovix.mpois.com\/?page_id=2230\",\"url\":\"https:\/\/oncovix.mpois.com\/?page_id=2230\",\"name\":\"Modelo de atenci\u00f3n - Oncovix\",\"isPartOf\":{\"@id\":\"https:\/\/oncovix.mpois.com\/#website\"},\"primaryImageOfPage\":{\"@id\":\"https:\/\/oncovix.mpois.com\/?page_id=2230#primaryimage\"},\"image\":{\"@id\":\"https:\/\/oncovix.mpois.com\/?page_id=2230#primaryimage\"},\"thumbnailUrl\":\"https:\/\/oncovix.mpois.com\/wp-content\/uploads\/2021\/08\/inmunoterapia.jpg\",\"datePublished\":\"2021-08-08T22:41:06+00:00\",\"dateModified\":\"2021-08-08T23:54:09+00:00\",\"breadcrumb\":{\"@id\":\"https:\/\/oncovix.mpois.com\/?page_id=2230#breadcrumb\"},\"inLanguage\":\"es\",\"potentialAction\":[{\"@type\":\"ReadAction\",\"target\":[\"https:\/\/oncovix.mpois.com\/?page_id=2230\"]}]},{\"@type\":\"ImageObject\",\"inLanguage\":\"es\",\"@id\":\"https:\/\/oncovix.mpois.com\/?page_id=2230#primaryimage\",\"url\":\"https:\/\/oncovix.mpois.com\/wp-content\/uploads\/2021\/08\/inmunoterapia.jpg\",\"contentUrl\":\"https:\/\/oncovix.mpois.com\/wp-content\/uploads\/2021\/08\/inmunoterapia.jpg\",\"width\":1280,\"height\":500},{\"@type\":\"BreadcrumbList\",\"@id\":\"https:\/\/oncovix.mpois.com\/?page_id=2230#breadcrumb\",\"itemListElement\":[{\"@type\":\"ListItem\",\"position\":1,\"name\":\"Portada\",\"item\":\"https:\/\/oncovix.mpois.com\/\"},{\"@type\":\"ListItem\",\"position\":2,\"name\":\"Modelo de atenci\u00f3n\"}]},{\"@type\":\"WebSite\",\"@id\":\"https:\/\/oncovix.mpois.com\/#website\",\"url\":\"https:\/\/oncovix.mpois.com\/\",\"name\":\"Oncovix\",\"description\":\"\",\"publisher\":{\"@id\":\"https:\/\/oncovix.mpois.com\/#organization\"},\"potentialAction\":[{\"@type\":\"SearchAction\",\"target\":{\"@type\":\"EntryPoint\",\"urlTemplate\":\"https:\/\/oncovix.mpois.com\/?s={search_term_string}\"},\"query-input\":{\"@type\":\"PropertyValueSpecification\",\"valueRequired\":true,\"valueName\":\"search_term_string\"}}],\"inLanguage\":\"es\"},{\"@type\":\"Organization\",\"@id\":\"https:\/\/oncovix.mpois.com\/#organization\",\"name\":\"Oncovix\",\"url\":\"https:\/\/oncovix.mpois.com\/\",\"logo\":{\"@type\":\"ImageObject\",\"inLanguage\":\"es\",\"@id\":\"https:\/\/oncovix.mpois.com\/#\/schema\/logo\/image\/\",\"url\":\"https:\/\/oncovix.mpois.com\/wp-content\/uploads\/2021\/08\/logo3.jpeg\",\"contentUrl\":\"https:\/\/oncovix.mpois.com\/wp-content\/uploads\/2021\/08\/logo3.jpeg\",\"width\":1125,\"height\":349,\"caption\":\"Oncovix\"},\"image\":{\"@id\":\"https:\/\/oncovix.mpois.com\/#\/schema\/logo\/image\/\"}}]}<\/script>\n<!-- \/ Yoast SEO plugin. -->","yoast_head_json":{"title":"Modelo de atenci\u00f3n - Oncovix","robots":{"index":"noindex","follow":"follow","max-snippet":"max-snippet:-1","max-image-preview":"max-image-preview:large","max-video-preview":"max-video-preview:-1"},"og_locale":"es_ES","og_type":"article","og_title":"Modelo de atenci\u00f3n - Oncovix","og_description":"El modelo internacional El modelo internacional de atenci\u00f3n, posee un alto perfil inclusivo, que no limita el acceso solo a pacientes que cercanos a alg\u00fan centro de atenci\u00f3n, sino que desarrolla un consolidado y seguro formato domiciliario, originado luego del inicio de la pandemia por COVID-19, que r\u00e1pidamente entrego importantes beneficios a los pacientes, rediciendo [&hellip;]","og_url":"https:\/\/oncovix.mpois.com\/?page_id=2230","og_site_name":"Oncovix","article_modified_time":"2021-08-08T23:54:09+00:00","og_image":[{"width":1280,"height":500,"url":"https:\/\/i0.wp.com\/oncovix.com\/wp-content\/uploads\/2021\/08\/inmunoterapia.jpg?fit=1280%2C500&ssl=1","type":"image\/jpeg"}],"twitter_card":"summary_large_image","schema":{"@context":"https:\/\/schema.org","@graph":[{"@type":"WebPage","@id":"https:\/\/oncovix.mpois.com\/?page_id=2230","url":"https:\/\/oncovix.mpois.com\/?page_id=2230","name":"Modelo de atenci\u00f3n - Oncovix","isPartOf":{"@id":"https:\/\/oncovix.mpois.com\/#website"},"primaryImageOfPage":{"@id":"https:\/\/oncovix.mpois.com\/?page_id=2230#primaryimage"},"image":{"@id":"https:\/\/oncovix.mpois.com\/?page_id=2230#primaryimage"},"thumbnailUrl":"https:\/\/oncovix.mpois.com\/wp-content\/uploads\/2021\/08\/inmunoterapia.jpg","datePublished":"2021-08-08T22:41:06+00:00","dateModified":"2021-08-08T23:54:09+00:00","breadcrumb":{"@id":"https:\/\/oncovix.mpois.com\/?page_id=2230#breadcrumb"},"inLanguage":"es","potentialAction":[{"@type":"ReadAction","target":["https:\/\/oncovix.mpois.com\/?page_id=2230"]}]},{"@type":"ImageObject","inLanguage":"es","@id":"https:\/\/oncovix.mpois.com\/?page_id=2230#primaryimage","url":"https:\/\/oncovix.mpois.com\/wp-content\/uploads\/2021\/08\/inmunoterapia.jpg","contentUrl":"https:\/\/oncovix.mpois.com\/wp-content\/uploads\/2021\/08\/inmunoterapia.jpg","width":1280,"height":500},{"@type":"BreadcrumbList","@id":"https:\/\/oncovix.mpois.com\/?page_id=2230#breadcrumb","itemListElement":[{"@type":"ListItem","position":1,"name":"Portada","item":"https:\/\/oncovix.mpois.com\/"},{"@type":"ListItem","position":2,"name":"Modelo de atenci\u00f3n"}]},{"@type":"WebSite","@id":"https:\/\/oncovix.mpois.com\/#website","url":"https:\/\/oncovix.mpois.com\/","name":"Oncovix","description":"","publisher":{"@id":"https:\/\/oncovix.mpois.com\/#organization"},"potentialAction":[{"@type":"SearchAction","target":{"@type":"EntryPoint","urlTemplate":"https:\/\/oncovix.mpois.com\/?s={search_term_string}"},"query-input":{"@type":"PropertyValueSpecification","valueRequired":true,"valueName":"search_term_string"}}],"inLanguage":"es"},{"@type":"Organization","@id":"https:\/\/oncovix.mpois.com\/#organization","name":"Oncovix","url":"https:\/\/oncovix.mpois.com\/","logo":{"@type":"ImageObject","inLanguage":"es","@id":"https:\/\/oncovix.mpois.com\/#\/schema\/logo\/image\/","url":"https:\/\/oncovix.mpois.com\/wp-content\/uploads\/2021\/08\/logo3.jpeg","contentUrl":"https:\/\/oncovix.mpois.com\/wp-content\/uploads\/2021\/08\/logo3.jpeg","width":1125,"height":349,"caption":"Oncovix"},"image":{"@id":"https:\/\/oncovix.mpois.com\/#\/schema\/logo\/image\/"}}]}},"_links":{"self":[{"href":"https:\/\/oncovix.mpois.com\/index.php?rest_route=\/wp\/v2\/pages\/2230"}],"collection":[{"href":"https:\/\/oncovix.mpois.com\/index.php?rest_route=\/wp\/v2\/pages"}],"about":[{"href":"https:\/\/oncovix.mpois.com\/index.php?rest_route=\/wp\/v2\/types\/page"}],"author":[{"embeddable":true,"href":"https:\/\/oncovix.mpois.com\/index.php?rest_route=\/wp\/v2\/users\/1"}],"replies":[{"embeddable":true,"href":"https:\/\/oncovix.mpois.com\/index.php?rest_route=%2Fwp%2Fv2%2Fcomments&post=2230"}],"version-history":[{"count":4,"href":"https:\/\/oncovix.mpois.com\/index.php?rest_route=\/wp\/v2\/pages\/2230\/revisions"}],"predecessor-version":[{"id":2275,"href":"https:\/\/oncovix.mpois.com\/index.php?rest_route=\/wp\/v2\/pages\/2230\/revisions\/2275"}],"wp:featuredmedia":[{"embeddable":true,"href":"https:\/\/oncovix.mpois.com\/index.php?rest_route=\/wp\/v2\/media\/2245"}],"wp:attachment":[{"href":"https:\/\/oncovix.mpois.com\/index.php?rest_route=%2Fwp%2Fv2%2Fmedia&parent=2230"}],"curies":[{"name":"wp","href":"https:\/\/api.w.org\/{rel}","templated":true}]}}