{"id":2391,"date":"2021-08-09T05:26:52","date_gmt":"2021-08-09T05:26:52","guid":{"rendered":"https:\/\/oncovix.mpois.com\/?page_id=2391"},"modified":"2021-08-09T05:31:57","modified_gmt":"2021-08-09T05:31:57","slug":"ventajas-de-oncovix-oncocit","status":"publish","type":"page","link":"https:\/\/oncovix.mpois.com\/?page_id=2391","title":{"rendered":"VENTAJAS DE ONCOVIX-ONCOCIT"},"content":{"rendered":"<section class=\"kc-elm kc-css-854150 kc_row\"><div class=\"kc-row-container  kc-container\"><div class=\"kc-wrap-columns\"><div class=\"kc-elm kc-css-567688 kc_col-sm-8 kc_column kc_col-sm-8\"><div class=\"kc-col-container\">\n<div class=\"kc-elm kc-css-16072 kc-title-wrap \">\n\n\t<h2 class=\"kc_title\">VENTAJAS DE ONCOVIX-ONCOCIT<\/h2>\n<\/div>\n<div class=\"kc-elm kc-css-351732 kc_text_block\"><\/p>\n<p>ONCOCIT, con m\u00e1s 20 a\u00f1os de trayectoria corporativa, presente en m\u00e1s de 24 pa\u00edses y sobre 60 ciudades actualmente<\/p>\n<p>\n<\/div><div class=\"kc-elm kc-css-427975 kc_shortcode kc_single_image\">\n\n        <img decoding=\"async\" src=\"https:\/\/oncovix.mpois.com\/wp-content\/uploads\/2021\/08\/4R3OQO6E-1_page-0001-1.jpg\" class=\"img-responsive\" alt=\"\" \/>    <\/div>\n\n<div class=\"kc-elm kc-css-28830 kc-title-wrap \">\n\n\t<h2 class=\"kc_title\">Sobre 30 mil horas anuales a inmunoterapia<\/h2>\n<\/div>\n<div class=\"kc-elm kc-css-359495 kc_text_block\"><\/p>\n<p>Posee moderna y adecuada plataforma habilitada, con sus respectivos laboratorios, autorizaciones sanitarias y permisos, cuya inversi\u00f3n con fondos privados result\u00f3 en 3 millones de d\u00f3lares, 600m2 y dedicaci\u00f3n de :<\/p>\n<ul>\n<li>14.000 h de profesionales cl\u00ednicos y m\u00e9dicos<\/li>\n<li>M\u00e1s de 8.000 h de profesionales de laboratorio y m\u00e1s de 8.000 h de profesionales de gesti\u00f3n y calidad<\/li>\n<\/ul>\n<p>\n<\/div><div class=\"kc-elm kc-css-218102 kc_shortcode kc_single_image\">\n\n        <img decoding=\"async\" src=\"https:\/\/oncovix.mpois.com\/wp-content\/uploads\/2021\/08\/WhatsApp-Image-2021-08-05-at-19.13.45-7.jpeg\" class=\"img-responsive\" alt=\"\" \/>    <\/div>\n\n<div class=\"kc-elm kc-css-471805 kc-title-wrap \">\n\n\t<h3 class=\"kc_title\">C\u00e9lulas dendr\u00edticas de 3\u00aa generaci\u00f3n <\/h3>\n<\/div>\n<div class=\"kc-elm kc-css-205030 kc_text_block\"><\/p>\n<p>Cada aplicaci\u00f3n del protocolo corresponde a \u201c<em><strong>Protocolo de oncolog\u00eda molecular correspondiente a inmunoterapia adoptiva activa especifica antitumoral a partir de exosomas de c\u00e9lulas dendr\u00edticas de 3\u00aa generaci\u00f3n pulsadas con lisado tumoral aut\u00f3logo y\/o alog\u00e9nico y\/o lisado de l\u00ednea celular tumoral y\/o exosomas tumorales y\/o sorting celular y\/o p\u00e9ptidos de pulsaci\u00f3n espec\u00edfica, aplicado en forma intrad\u00e9rmic<\/strong><\/em>a \u201d, atendiendo las mejores tasas de respuesta, sobrevida y calidad de vida, con el uso de protocolos sin\u00e9rgicos que combinan cirug\u00eda, quimioterapia, radioterapia, hormonoterapia e inmunoterapias<\/p>\n<\/p>\n<p>\n<\/div><\/div><\/div><div class=\"kc-elm kc-css-412408 kc_col-sm-4 kc_column kc_col-sm-4\"><div class=\"kc-col-container\"><div class=\"addr_future_memb kc-elm kc-css-704909\"><h4 class=\"entry-title\">Direccion<\/h4><div class=\"address-entry\"><p class=\"__ad-num\">6900 Tavistock Lakes Blvd\r<\/p><p class=\"__ad-num\">Suite 400\r<\/p><p class=\"__ad-num\">Orlando, FL 32827\r<\/p><p class=\"__ad-num\">\r<\/p><p class=\"__ad-num\">The United States of America<\/p><\/div><\/div><div class=\"addr_future_memb contact-info kc-elm kc-css-505079\"><p class=\"__ci_num\"><\/p>\n<h3 class=\"widget-title\">Contacto<\/h3>\n<div class=\"textwidget\">\n<p>Email: <a href=\"mailto:gestion@biogenica.org\">gestion@biogenica.org<\/a><\/p>\n<\/div>\n<p><\/p><\/div><\/div><\/div><\/div><\/div><\/section>\n","protected":false},"excerpt":{"rendered":"","protected":false},"author":1,"featured_media":0,"parent":0,"menu_order":0,"comment_status":"closed","ping_status":"closed","template":"","meta":{"footnotes":""},"yoast_head":"<!-- This site is optimized with the Yoast SEO plugin v23.5 - https:\/\/yoast.com\/wordpress\/plugins\/seo\/ -->\n<title>VENTAJAS DE ONCOVIX-ONCOCIT - Oncovix<\/title>\n<meta name=\"robots\" content=\"noindex, follow, max-snippet:-1, max-image-preview:large, max-video-preview:-1\" \/>\n<meta property=\"og:locale\" content=\"es_ES\" \/>\n<meta property=\"og:type\" content=\"article\" \/>\n<meta property=\"og:title\" content=\"VENTAJAS DE ONCOVIX-ONCOCIT - Oncovix\" \/>\n<meta property=\"og:description\" content=\"VENTAJAS DE ONCOVIX-ONCOCIT ONCOCIT, con m\u00e1s 20 a\u00f1os de trayectoria corporativa, presente en m\u00e1s de 24 pa\u00edses y sobre 60 ciudades actualmente Sobre 30 mil horas anuales a inmunoterapia Posee moderna y adecuada plataforma habilitada, con sus respectivos laboratorios, autorizaciones sanitarias y permisos, cuya inversi\u00f3n con fondos privados result\u00f3 en 3 millones de d\u00f3lares, 600m2 [&hellip;]\" \/>\n<meta property=\"og:url\" content=\"https:\/\/oncovix.mpois.com\/?page_id=2391\" \/>\n<meta property=\"og:site_name\" content=\"Oncovix\" \/>\n<meta property=\"article:modified_time\" content=\"2021-08-09T05:31:57+00:00\" \/>\n<meta property=\"og:image\" content=\"https:\/\/oncovix.mpois.com\/wp-content\/uploads\/2021\/08\/4R3OQO6E-1_page-0001-1.jpg\" \/>\n<meta name=\"twitter:card\" content=\"summary_large_image\" \/>\n<meta name=\"twitter:label1\" content=\"Tiempo de lectura\" \/>\n\t<meta name=\"twitter:data1\" content=\"1 minuto\" \/>\n<script type=\"application\/ld+json\" class=\"yoast-schema-graph\">{\"@context\":\"https:\/\/schema.org\",\"@graph\":[{\"@type\":\"WebPage\",\"@id\":\"https:\/\/oncovix.mpois.com\/?page_id=2391\",\"url\":\"https:\/\/oncovix.mpois.com\/?page_id=2391\",\"name\":\"VENTAJAS DE ONCOVIX-ONCOCIT - Oncovix\",\"isPartOf\":{\"@id\":\"https:\/\/oncovix.mpois.com\/#website\"},\"primaryImageOfPage\":{\"@id\":\"https:\/\/oncovix.mpois.com\/?page_id=2391#primaryimage\"},\"image\":{\"@id\":\"https:\/\/oncovix.mpois.com\/?page_id=2391#primaryimage\"},\"thumbnailUrl\":\"https:\/\/oncovix.mpois.com\/wp-content\/uploads\/2021\/08\/4R3OQO6E-1_page-0001-1.jpg\",\"datePublished\":\"2021-08-09T05:26:52+00:00\",\"dateModified\":\"2021-08-09T05:31:57+00:00\",\"breadcrumb\":{\"@id\":\"https:\/\/oncovix.mpois.com\/?page_id=2391#breadcrumb\"},\"inLanguage\":\"es\",\"potentialAction\":[{\"@type\":\"ReadAction\",\"target\":[\"https:\/\/oncovix.mpois.com\/?page_id=2391\"]}]},{\"@type\":\"ImageObject\",\"inLanguage\":\"es\",\"@id\":\"https:\/\/oncovix.mpois.com\/?page_id=2391#primaryimage\",\"url\":\"https:\/\/oncovix.mpois.com\/wp-content\/uploads\/2021\/08\/4R3OQO6E-1_page-0001-1.jpg\",\"contentUrl\":\"https:\/\/oncovix.mpois.com\/wp-content\/uploads\/2021\/08\/4R3OQO6E-1_page-0001-1.jpg\",\"width\":1000,\"height\":1296},{\"@type\":\"BreadcrumbList\",\"@id\":\"https:\/\/oncovix.mpois.com\/?page_id=2391#breadcrumb\",\"itemListElement\":[{\"@type\":\"ListItem\",\"position\":1,\"name\":\"Portada\",\"item\":\"https:\/\/oncovix.mpois.com\/\"},{\"@type\":\"ListItem\",\"position\":2,\"name\":\"VENTAJAS DE ONCOVIX-ONCOCIT\"}]},{\"@type\":\"WebSite\",\"@id\":\"https:\/\/oncovix.mpois.com\/#website\",\"url\":\"https:\/\/oncovix.mpois.com\/\",\"name\":\"Oncovix\",\"description\":\"\",\"publisher\":{\"@id\":\"https:\/\/oncovix.mpois.com\/#organization\"},\"potentialAction\":[{\"@type\":\"SearchAction\",\"target\":{\"@type\":\"EntryPoint\",\"urlTemplate\":\"https:\/\/oncovix.mpois.com\/?s={search_term_string}\"},\"query-input\":{\"@type\":\"PropertyValueSpecification\",\"valueRequired\":true,\"valueName\":\"search_term_string\"}}],\"inLanguage\":\"es\"},{\"@type\":\"Organization\",\"@id\":\"https:\/\/oncovix.mpois.com\/#organization\",\"name\":\"Oncovix\",\"url\":\"https:\/\/oncovix.mpois.com\/\",\"logo\":{\"@type\":\"ImageObject\",\"inLanguage\":\"es\",\"@id\":\"https:\/\/oncovix.mpois.com\/#\/schema\/logo\/image\/\",\"url\":\"https:\/\/oncovix.mpois.com\/wp-content\/uploads\/2021\/08\/logo3.jpeg\",\"contentUrl\":\"https:\/\/oncovix.mpois.com\/wp-content\/uploads\/2021\/08\/logo3.jpeg\",\"width\":1125,\"height\":349,\"caption\":\"Oncovix\"},\"image\":{\"@id\":\"https:\/\/oncovix.mpois.com\/#\/schema\/logo\/image\/\"}}]}<\/script>\n<!-- \/ Yoast SEO plugin. -->","yoast_head_json":{"title":"VENTAJAS DE ONCOVIX-ONCOCIT - Oncovix","robots":{"index":"noindex","follow":"follow","max-snippet":"max-snippet:-1","max-image-preview":"max-image-preview:large","max-video-preview":"max-video-preview:-1"},"og_locale":"es_ES","og_type":"article","og_title":"VENTAJAS DE ONCOVIX-ONCOCIT - Oncovix","og_description":"VENTAJAS DE ONCOVIX-ONCOCIT ONCOCIT, con m\u00e1s 20 a\u00f1os de trayectoria corporativa, presente en m\u00e1s de 24 pa\u00edses y sobre 60 ciudades actualmente Sobre 30 mil horas anuales a inmunoterapia Posee moderna y adecuada plataforma habilitada, con sus respectivos laboratorios, autorizaciones sanitarias y permisos, cuya inversi\u00f3n con fondos privados result\u00f3 en 3 millones de d\u00f3lares, 600m2 [&hellip;]","og_url":"https:\/\/oncovix.mpois.com\/?page_id=2391","og_site_name":"Oncovix","article_modified_time":"2021-08-09T05:31:57+00:00","og_image":[{"url":"https:\/\/oncovix.mpois.com\/wp-content\/uploads\/2021\/08\/4R3OQO6E-1_page-0001-1.jpg"}],"twitter_card":"summary_large_image","twitter_misc":{"Tiempo de lectura":"1 minuto"},"schema":{"@context":"https:\/\/schema.org","@graph":[{"@type":"WebPage","@id":"https:\/\/oncovix.mpois.com\/?page_id=2391","url":"https:\/\/oncovix.mpois.com\/?page_id=2391","name":"VENTAJAS DE ONCOVIX-ONCOCIT - Oncovix","isPartOf":{"@id":"https:\/\/oncovix.mpois.com\/#website"},"primaryImageOfPage":{"@id":"https:\/\/oncovix.mpois.com\/?page_id=2391#primaryimage"},"image":{"@id":"https:\/\/oncovix.mpois.com\/?page_id=2391#primaryimage"},"thumbnailUrl":"https:\/\/oncovix.mpois.com\/wp-content\/uploads\/2021\/08\/4R3OQO6E-1_page-0001-1.jpg","datePublished":"2021-08-09T05:26:52+00:00","dateModified":"2021-08-09T05:31:57+00:00","breadcrumb":{"@id":"https:\/\/oncovix.mpois.com\/?page_id=2391#breadcrumb"},"inLanguage":"es","potentialAction":[{"@type":"ReadAction","target":["https:\/\/oncovix.mpois.com\/?page_id=2391"]}]},{"@type":"ImageObject","inLanguage":"es","@id":"https:\/\/oncovix.mpois.com\/?page_id=2391#primaryimage","url":"https:\/\/oncovix.mpois.com\/wp-content\/uploads\/2021\/08\/4R3OQO6E-1_page-0001-1.jpg","contentUrl":"https:\/\/oncovix.mpois.com\/wp-content\/uploads\/2021\/08\/4R3OQO6E-1_page-0001-1.jpg","width":1000,"height":1296},{"@type":"BreadcrumbList","@id":"https:\/\/oncovix.mpois.com\/?page_id=2391#breadcrumb","itemListElement":[{"@type":"ListItem","position":1,"name":"Portada","item":"https:\/\/oncovix.mpois.com\/"},{"@type":"ListItem","position":2,"name":"VENTAJAS DE ONCOVIX-ONCOCIT"}]},{"@type":"WebSite","@id":"https:\/\/oncovix.mpois.com\/#website","url":"https:\/\/oncovix.mpois.com\/","name":"Oncovix","description":"","publisher":{"@id":"https:\/\/oncovix.mpois.com\/#organization"},"potentialAction":[{"@type":"SearchAction","target":{"@type":"EntryPoint","urlTemplate":"https:\/\/oncovix.mpois.com\/?s={search_term_string}"},"query-input":{"@type":"PropertyValueSpecification","valueRequired":true,"valueName":"search_term_string"}}],"inLanguage":"es"},{"@type":"Organization","@id":"https:\/\/oncovix.mpois.com\/#organization","name":"Oncovix","url":"https:\/\/oncovix.mpois.com\/","logo":{"@type":"ImageObject","inLanguage":"es","@id":"https:\/\/oncovix.mpois.com\/#\/schema\/logo\/image\/","url":"https:\/\/oncovix.mpois.com\/wp-content\/uploads\/2021\/08\/logo3.jpeg","contentUrl":"https:\/\/oncovix.mpois.com\/wp-content\/uploads\/2021\/08\/logo3.jpeg","width":1125,"height":349,"caption":"Oncovix"},"image":{"@id":"https:\/\/oncovix.mpois.com\/#\/schema\/logo\/image\/"}}]}},"_links":{"self":[{"href":"https:\/\/oncovix.mpois.com\/index.php?rest_route=\/wp\/v2\/pages\/2391"}],"collection":[{"href":"https:\/\/oncovix.mpois.com\/index.php?rest_route=\/wp\/v2\/pages"}],"about":[{"href":"https:\/\/oncovix.mpois.com\/index.php?rest_route=\/wp\/v2\/types\/page"}],"author":[{"embeddable":true,"href":"https:\/\/oncovix.mpois.com\/index.php?rest_route=\/wp\/v2\/users\/1"}],"replies":[{"embeddable":true,"href":"https:\/\/oncovix.mpois.com\/index.php?rest_route=%2Fwp%2Fv2%2Fcomments&post=2391"}],"version-history":[{"count":5,"href":"https:\/\/oncovix.mpois.com\/index.php?rest_route=\/wp\/v2\/pages\/2391\/revisions"}],"predecessor-version":[{"id":2413,"href":"https:\/\/oncovix.mpois.com\/index.php?rest_route=\/wp\/v2\/pages\/2391\/revisions\/2413"}],"wp:attachment":[{"href":"https:\/\/oncovix.mpois.com\/index.php?rest_route=%2Fwp%2Fv2%2Fmedia&parent=2391"}],"curies":[{"name":"wp","href":"https:\/\/api.w.org\/{rel}","templated":true}]}}