{"id":2595,"date":"2022-09-02T23:01:08","date_gmt":"2022-09-02T23:01:08","guid":{"rendered":"https:\/\/oncovix.mpois.com\/?page_id=2595"},"modified":"2022-09-02T23:04:34","modified_gmt":"2022-09-02T23:04:34","slug":"guias-por-tipos-de-cancer","status":"publish","type":"page","link":"https:\/\/oncovix.mpois.com\/?page_id=2595","title":{"rendered":"Guias por tipos de C\u00e1ncer"},"content":{"rendered":"<p><section class=\"kc-elm kc-css-794596 kc_row\"><div class=\"kc-row-container  kc-container\"><div class=\"kc-wrap-columns\"><div class=\"kc-elm kc-css-119383 kc_col-sm-12 kc_column kc_col-sm-12\"><div class=\"kc-col-container\"><\/div><\/div><\/div><\/div><\/section><section class=\"kc-elm kc-css-47030 kc_row\"><div class=\"kc-row-container  kc-container\"><div class=\"kc-wrap-columns\"><div class=\"kc-elm kc-css-84978 kc_col-sm-4 kc_column kc_col-sm-4\"><div class=\"kc-col-container\">\n<div class=\"kc-elm kc-css-31512\">\n\t<a class=\"kc_button\" href=\"https:\/\/oncovix.mpois.com\/wp-content\/uploads\/2022\/09\/1_Guia-especial_Cacu.pdf\" target=\"_blank\" title=\"\" onclick=\"\">\n\t\tC\u00e1ncer C\u00e9rvico-uterino\t<\/a>\n<\/div>\n<\/div><\/div><div class=\"kc-elm kc-css-387174 kc_col-sm-4 kc_column kc_col-sm-4\"><div class=\"kc-col-container\">\n<div class=\"kc-elm kc-css-616500\">\n\t<a class=\"kc_button\" href=\"https:\/\/oncovix.mpois.com\/wp-content\/uploads\/2022\/09\/1_Guia-especial_Cacu.pdf\" target=\"_blank\" title=\"\" onclick=\"\">\n\t\tC\u00e1ncer Prost\u00e1tico\t<\/a>\n<\/div>\n<\/div><\/div><div class=\"kc-elm kc-css-918940 kc_col-sm-4 kc_column kc_col-sm-4\"><div class=\"kc-col-container\"><\/div><\/div><\/div><\/div><\/section><section class=\"kc-elm kc-css-306447 kc_row\"><div class=\"kc-row-container  kc-container\"><div class=\"kc-wrap-columns\"><div class=\"kc-elm kc-css-704981 kc_col-sm-4 kc_column kc_col-sm-4\"><div class=\"kc-col-container\"><\/div><\/div><div class=\"kc-elm kc-css-35242 kc_col-sm-4 kc_column kc_col-sm-4\"><div class=\"kc-col-container\"><\/div><\/div><div class=\"kc-elm kc-css-179999 kc_col-sm-4 kc_column kc_col-sm-4\"><div class=\"kc-col-container\"><\/div><\/div><\/div><\/div><\/section><\/p>\n","protected":false},"excerpt":{"rendered":"","protected":false},"author":1,"featured_media":2338,"parent":0,"menu_order":0,"comment_status":"closed","ping_status":"closed","template":"","meta":{"footnotes":""},"yoast_head":"<!-- This site is optimized with the Yoast SEO plugin v23.5 - https:\/\/yoast.com\/wordpress\/plugins\/seo\/ -->\n<title>Guias por tipos de C\u00e1ncer - Oncovix<\/title>\n<meta name=\"robots\" content=\"noindex, follow, max-snippet:-1, max-image-preview:large, max-video-preview:-1\" \/>\n<meta property=\"og:locale\" content=\"es_ES\" \/>\n<meta property=\"og:type\" content=\"article\" \/>\n<meta property=\"og:title\" content=\"Guias por tipos de C\u00e1ncer - Oncovix\" \/>\n<meta property=\"og:description\" content=\"C\u00e1ncer C\u00e9rvico-uterino C\u00e1ncer Prost\u00e1tico\" \/>\n<meta property=\"og:url\" content=\"https:\/\/oncovix.mpois.com\/?page_id=2595\" \/>\n<meta property=\"og:site_name\" content=\"Oncovix\" \/>\n<meta property=\"article:modified_time\" content=\"2022-09-02T23:04:34+00:00\" \/>\n<meta property=\"og:image\" content=\"https:\/\/oncovix.mpois.com\/wp-content\/uploads\/2021\/08\/Captura-2.jpg\" \/>\n\t<meta property=\"og:image:width\" content=\"1238\" \/>\n\t<meta property=\"og:image:height\" content=\"892\" \/>\n\t<meta property=\"og:image:type\" content=\"image\/jpeg\" \/>\n<meta name=\"twitter:card\" content=\"summary_large_image\" \/>\n<script type=\"application\/ld+json\" class=\"yoast-schema-graph\">{\"@context\":\"https:\/\/schema.org\",\"@graph\":[{\"@type\":\"WebPage\",\"@id\":\"https:\/\/oncovix.mpois.com\/?page_id=2595\",\"url\":\"https:\/\/oncovix.mpois.com\/?page_id=2595\",\"name\":\"Guias por tipos de C\u00e1ncer - Oncovix\",\"isPartOf\":{\"@id\":\"https:\/\/oncovix.mpois.com\/#website\"},\"primaryImageOfPage\":{\"@id\":\"https:\/\/oncovix.mpois.com\/?page_id=2595#primaryimage\"},\"image\":{\"@id\":\"https:\/\/oncovix.mpois.com\/?page_id=2595#primaryimage\"},\"thumbnailUrl\":\"https:\/\/oncovix.mpois.com\/wp-content\/uploads\/2021\/08\/Captura-2.jpg\",\"datePublished\":\"2022-09-02T23:01:08+00:00\",\"dateModified\":\"2022-09-02T23:04:34+00:00\",\"breadcrumb\":{\"@id\":\"https:\/\/oncovix.mpois.com\/?page_id=2595#breadcrumb\"},\"inLanguage\":\"es\",\"potentialAction\":[{\"@type\":\"ReadAction\",\"target\":[\"https:\/\/oncovix.mpois.com\/?page_id=2595\"]}]},{\"@type\":\"ImageObject\",\"inLanguage\":\"es\",\"@id\":\"https:\/\/oncovix.mpois.com\/?page_id=2595#primaryimage\",\"url\":\"https:\/\/oncovix.mpois.com\/wp-content\/uploads\/2021\/08\/Captura-2.jpg\",\"contentUrl\":\"https:\/\/oncovix.mpois.com\/wp-content\/uploads\/2021\/08\/Captura-2.jpg\",\"width\":1238,\"height\":892},{\"@type\":\"BreadcrumbList\",\"@id\":\"https:\/\/oncovix.mpois.com\/?page_id=2595#breadcrumb\",\"itemListElement\":[{\"@type\":\"ListItem\",\"position\":1,\"name\":\"Portada\",\"item\":\"https:\/\/oncovix.mpois.com\/\"},{\"@type\":\"ListItem\",\"position\":2,\"name\":\"Guias por tipos de C\u00e1ncer\"}]},{\"@type\":\"WebSite\",\"@id\":\"https:\/\/oncovix.mpois.com\/#website\",\"url\":\"https:\/\/oncovix.mpois.com\/\",\"name\":\"Oncovix\",\"description\":\"\",\"publisher\":{\"@id\":\"https:\/\/oncovix.mpois.com\/#organization\"},\"potentialAction\":[{\"@type\":\"SearchAction\",\"target\":{\"@type\":\"EntryPoint\",\"urlTemplate\":\"https:\/\/oncovix.mpois.com\/?s={search_term_string}\"},\"query-input\":{\"@type\":\"PropertyValueSpecification\",\"valueRequired\":true,\"valueName\":\"search_term_string\"}}],\"inLanguage\":\"es\"},{\"@type\":\"Organization\",\"@id\":\"https:\/\/oncovix.mpois.com\/#organization\",\"name\":\"Oncovix\",\"url\":\"https:\/\/oncovix.mpois.com\/\",\"logo\":{\"@type\":\"ImageObject\",\"inLanguage\":\"es\",\"@id\":\"https:\/\/oncovix.mpois.com\/#\/schema\/logo\/image\/\",\"url\":\"https:\/\/oncovix.mpois.com\/wp-content\/uploads\/2021\/08\/logo3.jpeg\",\"contentUrl\":\"https:\/\/oncovix.mpois.com\/wp-content\/uploads\/2021\/08\/logo3.jpeg\",\"width\":1125,\"height\":349,\"caption\":\"Oncovix\"},\"image\":{\"@id\":\"https:\/\/oncovix.mpois.com\/#\/schema\/logo\/image\/\"}}]}<\/script>\n<!-- \/ Yoast SEO plugin. -->","yoast_head_json":{"title":"Guias por tipos de C\u00e1ncer - Oncovix","robots":{"index":"noindex","follow":"follow","max-snippet":"max-snippet:-1","max-image-preview":"max-image-preview:large","max-video-preview":"max-video-preview:-1"},"og_locale":"es_ES","og_type":"article","og_title":"Guias por tipos de C\u00e1ncer - Oncovix","og_description":"C\u00e1ncer C\u00e9rvico-uterino C\u00e1ncer Prost\u00e1tico","og_url":"https:\/\/oncovix.mpois.com\/?page_id=2595","og_site_name":"Oncovix","article_modified_time":"2022-09-02T23:04:34+00:00","og_image":[{"width":1238,"height":892,"url":"https:\/\/oncovix.mpois.com\/wp-content\/uploads\/2021\/08\/Captura-2.jpg","type":"image\/jpeg"}],"twitter_card":"summary_large_image","schema":{"@context":"https:\/\/schema.org","@graph":[{"@type":"WebPage","@id":"https:\/\/oncovix.mpois.com\/?page_id=2595","url":"https:\/\/oncovix.mpois.com\/?page_id=2595","name":"Guias por tipos de C\u00e1ncer - Oncovix","isPartOf":{"@id":"https:\/\/oncovix.mpois.com\/#website"},"primaryImageOfPage":{"@id":"https:\/\/oncovix.mpois.com\/?page_id=2595#primaryimage"},"image":{"@id":"https:\/\/oncovix.mpois.com\/?page_id=2595#primaryimage"},"thumbnailUrl":"https:\/\/oncovix.mpois.com\/wp-content\/uploads\/2021\/08\/Captura-2.jpg","datePublished":"2022-09-02T23:01:08+00:00","dateModified":"2022-09-02T23:04:34+00:00","breadcrumb":{"@id":"https:\/\/oncovix.mpois.com\/?page_id=2595#breadcrumb"},"inLanguage":"es","potentialAction":[{"@type":"ReadAction","target":["https:\/\/oncovix.mpois.com\/?page_id=2595"]}]},{"@type":"ImageObject","inLanguage":"es","@id":"https:\/\/oncovix.mpois.com\/?page_id=2595#primaryimage","url":"https:\/\/oncovix.mpois.com\/wp-content\/uploads\/2021\/08\/Captura-2.jpg","contentUrl":"https:\/\/oncovix.mpois.com\/wp-content\/uploads\/2021\/08\/Captura-2.jpg","width":1238,"height":892},{"@type":"BreadcrumbList","@id":"https:\/\/oncovix.mpois.com\/?page_id=2595#breadcrumb","itemListElement":[{"@type":"ListItem","position":1,"name":"Portada","item":"https:\/\/oncovix.mpois.com\/"},{"@type":"ListItem","position":2,"name":"Guias por tipos de C\u00e1ncer"}]},{"@type":"WebSite","@id":"https:\/\/oncovix.mpois.com\/#website","url":"https:\/\/oncovix.mpois.com\/","name":"Oncovix","description":"","publisher":{"@id":"https:\/\/oncovix.mpois.com\/#organization"},"potentialAction":[{"@type":"SearchAction","target":{"@type":"EntryPoint","urlTemplate":"https:\/\/oncovix.mpois.com\/?s={search_term_string}"},"query-input":{"@type":"PropertyValueSpecification","valueRequired":true,"valueName":"search_term_string"}}],"inLanguage":"es"},{"@type":"Organization","@id":"https:\/\/oncovix.mpois.com\/#organization","name":"Oncovix","url":"https:\/\/oncovix.mpois.com\/","logo":{"@type":"ImageObject","inLanguage":"es","@id":"https:\/\/oncovix.mpois.com\/#\/schema\/logo\/image\/","url":"https:\/\/oncovix.mpois.com\/wp-content\/uploads\/2021\/08\/logo3.jpeg","contentUrl":"https:\/\/oncovix.mpois.com\/wp-content\/uploads\/2021\/08\/logo3.jpeg","width":1125,"height":349,"caption":"Oncovix"},"image":{"@id":"https:\/\/oncovix.mpois.com\/#\/schema\/logo\/image\/"}}]}},"_links":{"self":[{"href":"https:\/\/oncovix.mpois.com\/index.php?rest_route=\/wp\/v2\/pages\/2595"}],"collection":[{"href":"https:\/\/oncovix.mpois.com\/index.php?rest_route=\/wp\/v2\/pages"}],"about":[{"href":"https:\/\/oncovix.mpois.com\/index.php?rest_route=\/wp\/v2\/types\/page"}],"author":[{"embeddable":true,"href":"https:\/\/oncovix.mpois.com\/index.php?rest_route=\/wp\/v2\/users\/1"}],"replies":[{"embeddable":true,"href":"https:\/\/oncovix.mpois.com\/index.php?rest_route=%2Fwp%2Fv2%2Fcomments&post=2595"}],"version-history":[{"count":3,"href":"https:\/\/oncovix.mpois.com\/index.php?rest_route=\/wp\/v2\/pages\/2595\/revisions"}],"predecessor-version":[{"id":2598,"href":"https:\/\/oncovix.mpois.com\/index.php?rest_route=\/wp\/v2\/pages\/2595\/revisions\/2598"}],"wp:featuredmedia":[{"embeddable":true,"href":"https:\/\/oncovix.mpois.com\/index.php?rest_route=\/wp\/v2\/media\/2338"}],"wp:attachment":[{"href":"https:\/\/oncovix.mpois.com\/index.php?rest_route=%2Fwp%2Fv2%2Fmedia&parent=2595"}],"curies":[{"name":"wp","href":"https:\/\/api.w.org\/{rel}","templated":true}]}}